{"id":541,"date":"2023-09-20T06:45:51","date_gmt":"2023-09-20T06:45:51","guid":{"rendered":"https:\/\/bandjconsulting.com\/?page_id=541"},"modified":"2025-09-30T16:02:25","modified_gmt":"2025-09-30T16:02:25","slug":"cursos","status":"publish","type":"page","link":"https:\/\/bandjconsulting.com\/es\/cursos\/","title":{"rendered":"Cursos"},"content":{"rendered":"\t\t<div data-elementor-type=\"wp-page\" data-elementor-id=\"541\" class=\"elementor elementor-541\" data-elementor-post-type=\"page\">\n\t\t\t\t\t\t<section class=\"elementor-section elementor-top-section elementor-element elementor-element-666c0f2 elementor-section-full_width elementor-section-height-default elementor-section-height-default\" data-id=\"666c0f2\" data-element_type=\"section\" data-e-type=\"section\">\n\t\t\t\t\t\t<div class=\"elementor-container elementor-column-gap-default\">\n\t\t\t\t\t<div class=\"elementor-column elementor-col-100 elementor-top-column elementor-element elementor-element-ca0e9f1\" data-id=\"ca0e9f1\" data-element_type=\"column\" data-e-type=\"column\">\n\t\t\t<div class=\"elementor-widget-wrap elementor-element-populated\">\n\t\t\t\t\t\t<div class=\"elementor-element elementor-element-23a39f1 elementor-widget elementor-widget-image\" data-id=\"23a39f1\" data-element_type=\"widget\" data-e-type=\"widget\" data-widget_type=\"image.default\">\n\t\t\t\t<div class=\"elementor-widget-container\">\n\t\t\t\t\t\t\t\t\t\t\t\t\t\t\t<img fetchpriority=\"high\" decoding=\"async\" width=\"2000\" height=\"700\" src=\"https:\/\/i0.wp.com\/bandjconsulting.com\/wp-content\/uploads\/2021\/06\/80cc2d75f45b66462546d7816d61ce52244066.jpg?fit=2000%2C700&amp;ssl=1\" class=\"attachment-full size-full wp-image-283\" alt=\"\" srcset=\"https:\/\/i0.wp.com\/bandjconsulting.com\/wp-content\/uploads\/2021\/06\/80cc2d75f45b66462546d7816d61ce52244066.jpg?w=2000&amp;ssl=1 2000w, https:\/\/i0.wp.com\/bandjconsulting.com\/wp-content\/uploads\/2021\/06\/80cc2d75f45b66462546d7816d61ce52244066.jpg?resize=300%2C105&amp;ssl=1 300w, https:\/\/i0.wp.com\/bandjconsulting.com\/wp-content\/uploads\/2021\/06\/80cc2d75f45b66462546d7816d61ce52244066.jpg?resize=1024%2C358&amp;ssl=1 1024w, https:\/\/i0.wp.com\/bandjconsulting.com\/wp-content\/uploads\/2021\/06\/80cc2d75f45b66462546d7816d61ce52244066.jpg?resize=768%2C269&amp;ssl=1 768w, https:\/\/i0.wp.com\/bandjconsulting.com\/wp-content\/uploads\/2021\/06\/80cc2d75f45b66462546d7816d61ce52244066.jpg?resize=1536%2C538&amp;ssl=1 1536w, https:\/\/i0.wp.com\/bandjconsulting.com\/wp-content\/uploads\/2021\/06\/80cc2d75f45b66462546d7816d61ce52244066.jpg?w=1600&amp;ssl=1 1600w\" sizes=\"(max-width: 2000px) 100vw, 2000px\" \/>\t\t\t\t\t\t\t\t\t\t\t\t\t\t\t<\/div>\n\t\t\t\t<\/div>\n\t\t\t\t\t<\/div>\n\t\t<\/div>\n\t\t\t\t\t<\/div>\n\t\t<\/section>\n\t\t\t\t<section class=\"elementor-section elementor-top-section elementor-element elementor-element-e6ae62d elementor-section-boxed elementor-section-height-default elementor-section-height-default\" data-id=\"e6ae62d\" data-element_type=\"section\" data-e-type=\"section\">\n\t\t\t\t\t\t<div class=\"elementor-container elementor-column-gap-default\">\n\t\t\t\t\t<div class=\"elementor-column elementor-col-100 elementor-top-column elementor-element elementor-element-8e6ad59\" data-id=\"8e6ad59\" data-element_type=\"column\" data-e-type=\"column\">\n\t\t\t<div class=\"elementor-widget-wrap elementor-element-populated\">\n\t\t\t\t\t\t<div class=\"elementor-element elementor-element-7abe355 elementor-widget elementor-widget-heading\" data-id=\"7abe355\" data-element_type=\"widget\" data-e-type=\"widget\" data-widget_type=\"heading.default\">\n\t\t\t\t<div class=\"elementor-widget-container\">\n\t\t\t\t\t<h1 class=\"elementor-heading-title elementor-size-default\">CURSOS<\/h1>\t\t\t\t<\/div>\n\t\t\t\t<\/div>\n\t\t\t\t<div class=\"elementor-element elementor-element-961bfe5 elementor-widget elementor-widget-image\" data-id=\"961bfe5\" data-element_type=\"widget\" data-e-type=\"widget\" data-widget_type=\"image.default\">\n\t\t\t\t<div class=\"elementor-widget-container\">\n\t\t\t\t\t\t\t\t\t\t\t\t\t\t\t<img decoding=\"async\" width=\"300\" height=\"178\" src=\"https:\/\/i0.wp.com\/bandjconsulting.com\/wp-content\/uploads\/2024\/08\/logoirs.webp?fit=300%2C178&amp;ssl=1\" class=\"attachment-medium size-medium wp-image-616\" alt=\"\" srcset=\"https:\/\/i0.wp.com\/bandjconsulting.com\/wp-content\/uploads\/2024\/08\/logoirs.webp?w=600&amp;ssl=1 600w, https:\/\/i0.wp.com\/bandjconsulting.com\/wp-content\/uploads\/2024\/08\/logoirs.webp?resize=300%2C178&amp;ssl=1 300w\" sizes=\"(max-width: 300px) 100vw, 300px\" \/>\t\t\t\t\t\t\t\t\t\t\t\t\t\t\t<\/div>\n\t\t\t\t<\/div>\n\t\t\t\t<div class=\"elementor-element elementor-element-9dc0d7f elementor-widget elementor-widget-text-editor\" data-id=\"9dc0d7f\" data-element_type=\"widget\" data-e-type=\"widget\" data-widget_type=\"text-editor.default\">\n\t\t\t\t<div class=\"elementor-widget-container\">\n\t\t\t\t\t\t\t\t\t<p style=\"font-weight: 400;\">PROGRAMACI\u00d3N CURSOS 2025:<\/p><p style=\"font-weight: 400;\">Hacer un\u00a0<strong>CURSO DE IMPUESTOS<\/strong>\u00a0para conocer las\u00a0<em>Leyes Federales en los ESTADOS UNIDOS<\/em>\u00a0puede abrirte muchas puertas y ofrecerte habilidades valiosas en el \u00e1mbito financiero y laboral. Aqu\u00ed te cuento algunas razones por las que considerar aprender sobre impuestos puede ser una excelente decisi\u00f3n:<\/p><ul><li style=\"font-weight: 400;\">Conocimiento personal.<\/li><li style=\"font-weight: 400;\">Oportunidades profesionales.<\/li><li style=\"font-weight: 400;\">Ayuda a otros.<\/li><li style=\"font-weight: 400;\">Actualizaci\u00f3n constante.<\/li><li style=\"font-weight: 400;\">Independencia financiera.<\/li><\/ul><p style=\"font-weight: 400;\">En resumen, hacer un\u00a0<strong>CURSO de IMPUESTOS<\/strong>\u00a0no s\u00f3lo te proporciona conocimientos pr\u00e1cticos y habilidades profesionales, sino que tambi\u00e9n puede abrirte nuevas oportunidades laborales y contribuir significativamente a tu desarrollo personal y financiero.<\/p><p style=\"font-weight: 400;\"><strong>\u00a1No pierdas la oportunidad!<\/strong>\u00a0<\/p><p style=\"font-weight: 400;\">Los espacios son limitados para las\u00a0<strong>Clases PRESENCIALES.<\/strong><\/p><p style=\"font-weight: 400;\">Estamos aqu\u00ed para ayudarte en cada paso del camino hacia una carrera exitosa en la preparaci\u00f3n de impuestos.\u00a0<\/p><p style=\"font-weight: 400;\">\u00a1Esperamos contar contigo!<\/p><p style=\"font-weight: 400;\">Para m\u00e1s detalles y para reservar tu lugar, cont\u00e1ctanos:<\/p>\t\t\t\t\t\t\t\t<\/div>\n\t\t\t\t<\/div>\n\t\t\t\t<div class=\"elementor-element elementor-element-a264018 elementor-widget elementor-widget-spacer\" data-id=\"a264018\" data-element_type=\"widget\" data-e-type=\"widget\" data-widget_type=\"spacer.default\">\n\t\t\t\t<div class=\"elementor-widget-container\">\n\t\t\t\t\t\t\t<div class=\"elementor-spacer\">\n\t\t\t<div class=\"elementor-spacer-inner\"><\/div>\n\t\t<\/div>\n\t\t\t\t\t\t<\/div>\n\t\t\t\t<\/div>\n\t\t\t\t<div class=\"elementor-element elementor-element-042a47e elementor-widget elementor-widget-heading\" data-id=\"042a47e\" data-element_type=\"widget\" data-e-type=\"widget\" data-widget_type=\"heading.default\">\n\t\t\t\t<div class=\"elementor-widget-container\">\n\t\t\t\t\t<h2 class=\"elementor-heading-title elementor-size-default\">CLASES PRESENCIALES Y POR ZOOM<\/h2>\t\t\t\t<\/div>\n\t\t\t\t<\/div>\n\t\t\t\t<div class=\"elementor-element elementor-element-8f200f7 elementor-widget elementor-widget-html\" data-id=\"8f200f7\" data-element_type=\"widget\" data-e-type=\"widget\" data-widget_type=\"html.default\">\n\t\t\t\t<div class=\"elementor-widget-container\">\n\t\t\t\t\t<style>\n.tabla-impuestos-container {\n  overflow-x: auto;\n  width: 100%;\n  font-family: Arial, sans-serif;\n}\n\n.tabla-impuestos {\n  border-collapse: collapse;\n  width: 100%;\n  min-width: 950px;\n  text-align: center;\n  font-size: 14px;\n}\n\n.tabla-impuestos th,\n.tabla-impuestos td {\n  border: 1px solid #ccc;\n  padding: 8px;\n}\n\n.tabla-impuestos th {\n  background-color: #8bc34a;\n  color: #000;\n  font-weight: bold;\n}\n\n.tabla-impuestos .titulo-seccion {\n  background-color: #558b2f;\n  color: white;\n  font-weight: bold;\n  font-size: 16px;\n  text-align: center;\n}\n\n.titulo-principal {\n  font-weight: bold;\n  font-size: 18px;\n  color: #33691e;\n  text-align: center;\n  margin-bottom: 10px;\n}\n\n@media screen and (max-width: 768px) {\n  .tabla-impuestos {\n    font-size: 13px;\n  }\n}\n<\/style>\n\n<div class=\"tabla-impuestos-container\">\n  <div class=\"titulo-principal\">CURSOS TAXES PERSONALES \u2013 FORMA 1040 \/ CLASES PRESENCIALES Y POR ZOOM<\/div>\n  <div class=\"titulo-principal\" style=\"font-size: 16px; color: #1b5e20;\">CE EDUCACI\u00d3N CONTINUA 2025 (Cupos Limitados)<\/div>\n\n  <table class=\"tabla-impuestos\">\n    <tr>\n      <th>Nro.<\/th>\n      <th>24 Cr\u00e9ditos<\/th>\n      <th>D\u00cdA \/ MES<\/th>\n      <th>D\u00cdA<\/th>\n      <th>HORAS<\/th>\n      <th>COSTO $<\/th>\n      <th>CONTENIDO ACAD\u00c9MICO (CR\u00c9DITOS)<\/th>\n    <\/tr>\n\n    <!-- 1er Curso -->\n    <tr class=\"titulo-seccion\"><td colspan=\"7\">1er. CURSO<\/td><\/tr>\n    <tr>\n      <td rowspan=\"4\">1er. CURSO<\/td>\n      <td>PRIMER D\u00cdA<\/td>\n      <td>09 AGOSTO<\/td>\n      <td>S\u00c1BADO<\/td>\n      <td>9:00 AM ~ 2:40 PM<\/td>\n      <td rowspan=\"4\">$700. Inscripci\u00f3n $350 antes del 09 Ago y el resto $350 puede ser pagado antes del 30 Ago<\/td>\n      <td>SISTEMA TRIBUTARIO (3), ESTADO CIVIL TRIBUTARIO (2), DEPENDIENTES (1)<\/td>\n    <\/tr>\n    <tr>\n      <td>SEGUNDO D\u00cdA<\/td>\n      <td>16 AGOSTO<\/td>\n      <td>S\u00c1BADO<\/td>\n      <td>9:00 AM ~ 2:40 PM<\/td>\n      <td>DEPENDIENTES (1), INGRESOS (3), AJUSTES AL INGRESO (2)<\/td>\n    <\/tr>\n    <tr>\n      <td>TERCER D\u00cdA<\/td>\n      <td>23 AGOSTO<\/td>\n      <td>S\u00c1BADO<\/td>\n      <td>9:00 AM ~ 2:40 PM<\/td>\n      <td>DEDUCCIONES (3), OTROS IMPUESTOS (3)<\/td>\n    <\/tr>\n    <tr>\n      <td>CUARTO D\u00cdA<\/td>\n      <td>30 AGOSTO<\/td>\n      <td>S\u00c1BADO<\/td>\n      <td>9:00 AM ~ 2:40 PM<\/td>\n      <td>CR\u00c9DITOS (3), PR\u00d3RROGAS Y ENMIENDAS (1), \u00c9TICA Y CIRCULAR 230 (2)<\/td>\n    <\/tr>\n\n    <!-- 2do Curso -->\n    <tr class=\"titulo-seccion\"><td colspan=\"7\">2do. CURSO<\/td><\/tr>\n    <tr>\n      <td rowspan=\"4\">2do. CURSO<\/td>\n      <td>PRIMER D\u00cdA<\/td>\n      <td>06 SEPTIEMBRE<\/td>\n      <td>S\u00c1BADO<\/td>\n      <td>9:00 AM ~ 2:40 PM<\/td>\n      <td rowspan=\"4\">$700. Inscripci\u00f3n $350 antes del 06 Sep y el resto $350 puede ser pagado antes del 27 Sep<\/td>\n      <td>SISTEMA TRIBUTARIO (3), ESTADO CIVIL TRIBUTARIO (2), DEPENDIENTES (1)<\/td>\n    <\/tr>\n    <tr>\n      <td>SEGUNDO D\u00cdA<\/td>\n      <td>13 SEPTIEMBRE<\/td>\n      <td>S\u00c1BADO<\/td>\n      <td>9:00 AM ~ 2:40 PM<\/td>\n      <td>DEPENDIENTES (1), INGRESOS (3), AJUSTES AL INGRESO (2)<\/td>\n    <\/tr>\n    <tr>\n      <td>TERCER D\u00cdA<\/td>\n      <td>20 SEPTIEMBRE<\/td>\n      <td>S\u00c1BADO<\/td>\n      <td>9:00 AM ~ 2:40 PM<\/td>\n      <td>DEDUCCIONES (3), OTROS IMPUESTOS (3)<\/td>\n    <\/tr>\n    <tr>\n      <td>CUARTO D\u00cdA<\/td>\n      <td>27 SEPTIEMBRE<\/td>\n      <td>S\u00c1BADO<\/td>\n      <td>9:00 AM ~ 2:40 PM<\/td>\n      <td>CR\u00c9DITOS (3), PR\u00d3RROGAS Y ENMIENDAS (1), \u00c9TICA Y CIRCULAR 230 (2)<\/td>\n    <\/tr>\n\n    <!-- 3er Curso -->\n    <tr class=\"titulo-seccion\"><td colspan=\"7\">3er. CURSO<\/td><\/tr>\n    <tr>\n      <td rowspan=\"4\">3er. CURSO<\/td>\n      <td>PRIMER D\u00cdA<\/td>\n      <td>04 OCTUBRE<\/td>\n      <td>S\u00c1BADO<\/td>\n      <td>9:00 AM ~ 2:40 PM<\/td>\n      <td rowspan=\"4\">$700. Inscripci\u00f3n $350 antes del 04 Oct y el resto $350 puede ser pagado antes del 25 Oct<\/td>\n      <td>SISTEMA TRIBUTARIO (3), ESTADO CIVIL TRIBUTARIO (2), DEPENDIENTES (1)<\/td>\n    <\/tr>\n    <tr>\n      <td>SEGUNDO D\u00cdA<\/td>\n      <td>11 OCTUBRE<\/td>\n      <td>S\u00c1BADO<\/td>\n      <td>9:00 AM ~ 2:40 PM<\/td>\n      <td>DEPENDIENTES (1), INGRESOS (3), AJUSTES AL INGRESO (2)<\/td>\n    <\/tr>\n    <tr>\n      <td>TERCER D\u00cdA<\/td>\n      <td>18 OCTUBRE<\/td>\n      <td>S\u00c1BADO<\/td>\n      <td>9:00 AM ~ 2:40 PM<\/td>\n      <td>DEDUCCIONES (3), OTROS IMPUESTOS (3)<\/td>\n    <\/tr>\n    <tr>\n      <td>CUARTO D\u00cdA<\/td>\n      <td>25 OCTUBRE<\/td>\n      <td>S\u00c1BADO<\/td>\n      <td>9:00 AM ~ 2:40 PM<\/td>\n      <td>CR\u00c9DITOS (3), PR\u00d3RROGAS Y ENMIENDAS (1), \u00c9TICA Y CIRCULAR 230 (2)<\/td>\n    <\/tr>\n  <\/table>\n<\/div>\t\t\t\t<\/div>\n\t\t\t\t<\/div>\n\t\t\t\t<div class=\"elementor-element elementor-element-2850107 elementor-hidden-desktop elementor-hidden-tablet elementor-hidden-mobile elementor-widget elementor-widget-html\" data-id=\"2850107\" data-element_type=\"widget\" data-e-type=\"widget\" data-widget_type=\"html.default\">\n\t\t\t\t<div class=\"elementor-widget-container\">\n\t\t\t\t\t<table border=\"0\" width=\"785\" cellspacing=\"0\" cellpadding=\"0\">\n<tbody>\n<tr>\n<td colspan=\"5\" height=\"20\"><span style=\"color: #990000;\"><b>1) TAXES PERSONALES\u00a0<\/b><b>\/ FORMA 1040\u00a0\u00a0<\/b>\u00a0\u00a0 \u00a0 \u00a0 \u00a0 \u00a0 \u00a0 \u00a0 \u00a0\u00a0\u00a0\u00a0\u00a0\u00a0\u00a0\u00a0\u00a0\u00a0\u00a0\u00a0\u00a0\u00a0\u00a0\u00a0\u00a0<b>\u00a0<\/b><b>ZOOM<\/b><b>\u00a0CE EDUCACI\u00d3N CONTINUA\u00a0<\/b><b>2024<\/b><\/span><\/td>\n<\/tr>\n<tr>\n<td height=\"20\"><\/td>\n<td><\/td>\n<td><\/td>\n<td><\/td>\n<td><\/td>\n<\/tr>\n<tr>\n<td height=\"20\"><b>24 Cr\u00e9ditos<\/b><\/td>\n<td><b>MES\u00a0<\/b><\/td>\n<td><b>D\u00cdA<\/b><\/td>\n<td><b>HORA<\/b><\/td>\n<td><b>COSTO $<\/b><\/td>\n<\/tr>\n<tr>\n<td height=\"20\"><b>INICIO<\/b><\/td>\n<td>06 Sep<\/td>\n<td>VIERNES<\/td>\n<td>2:00 PM ~ 6:30 PM<\/td>\n<td>700<\/td>\n<\/tr>\n<tr>\n<td height=\"20\"><\/td>\n<td>13 Sep<\/td>\n<td>VIERNES<\/td>\n<td>2:00 PM ~ 6:30 PM<\/td>\n<td rowspan=\"3\" width=\"151\">El primer pago de $350, debe ser hecho antes del 6 de Sep. El segundo pago de $350, debe ser hecho antes del 27 de Sep.<\/td>\n<\/tr>\n<tr>\n<td height=\"20\"><\/td>\n<td>20 Sep<\/td>\n<td>VIERNES<\/td>\n<td>2:00 PM ~ 6:30 PM<\/td>\n<\/tr>\n<tr>\n<td height=\"20\"><b>FINAL<\/b><\/td>\n<td>27 Sep<\/td>\n<td>VIERNES<\/td>\n<td>2:00 PM ~ 6:30 PM<\/td>\n<\/tr>\n<tr>\n<td height=\"20\"><\/td>\n<td><\/td>\n<td><\/td>\n<td><\/td>\n<td><\/td>\n<\/tr>\n<tr>\n<td height=\"20\"><\/td>\n<td><\/td>\n<td><\/td>\n<td><\/td>\n<td><\/td>\n<\/tr>\n<tr>\n<td colspan=\"5\" height=\"20\"><span style=\"color: #990000;\"><b>2) TAXES PERSONALES\u00a0<\/b><b>\/ FORMA 1040\u00a0\u00a0<\/b>\u00a0\u00a0 \u00a0 \u00a0 \u00a0 \u00a0 \u00a0 \u00a0 \u00a0\u00a0\u00a0\u00a0\u00a0\u00a0\u00a0\u00a0\u00a0\u00a0\u00a0\u00a0\u00a0\u00a0\u00a0\u00a0\u00a0<b>\u00a0<\/b><b>ZOOM<\/b><b>\u00a0CE EDUCACI\u00d3N CONTINUA\u00a0<\/b><b>2024<\/b><\/span><\/td>\n<\/tr>\n<tr>\n<td height=\"20\"><\/td>\n<td><\/td>\n<td><\/td>\n<td><\/td>\n<td><\/td>\n<\/tr>\n<tr>\n<td height=\"20\"><b>24 Cr\u00e9ditos<\/b><\/td>\n<td><b>MES<\/b><\/td>\n<td><b>D\u00cdA<\/b><\/td>\n<td><b>HORA<\/b><\/td>\n<td><b>COSTO $<\/b><\/td>\n<\/tr>\n<tr>\n<td height=\"20\"><b>INICIO<\/b><\/td>\n<td>04 Oct<\/td>\n<td>VIERNES<\/td>\n<td>2:00 PM ~ 6:30 PM<\/td>\n<td>700<\/td>\n<\/tr>\n<tr>\n<td height=\"20\"><\/td>\n<td>11 Oct<\/td>\n<td>VIERNES<\/td>\n<td>2:00 PM ~ 6:30 PM<\/td>\n<td rowspan=\"3\" width=\"151\">El primer pago de $350, debe ser hecho antes del 4 de Oct. El segundo pago de $350, debe ser hecho antes del 25 de Oct.<\/td>\n<\/tr>\n<tr>\n<td height=\"20\"><\/td>\n<td>18 Oct<\/td>\n<td>VIERNES<\/td>\n<td>2:00 PM ~ 6:30 PM<\/td>\n<\/tr>\n<tr>\n<td height=\"20\"><b>FINAL<\/b><\/td>\n<td>25 Oct<\/td>\n<td>VIERNES<\/td>\n<td>2:00 PM ~ 6:30 PM<\/td>\n<\/tr>\n<tr>\n<td height=\"20\"><\/td>\n<td><\/td>\n<td><\/td>\n<td><\/td>\n<td><\/td>\n<\/tr>\n<tr>\n<td height=\"20\"><\/td>\n<td><\/td>\n<td><\/td>\n<td><\/td>\n<td><\/td>\n<\/tr>\n<tr>\n<td height=\"20\"><\/td>\n<td><\/td>\n<td><\/td>\n<td><\/td>\n<td><\/td>\n<\/tr>\n<tr>\n<td colspan=\"5\" height=\"20\"><span style=\"color: #990000;\"><b>3) TAXES PERSONALES\u00a0<\/b><b>\/ FORMA 1040\u00a0\u00a0<\/b>\u00a0\u00a0 \u00a0 \u00a0 \u00a0 \u00a0 \u00a0 \u00a0 \u00a0\u00a0\u00a0\u00a0\u00a0\u00a0\u00a0\u00a0\u00a0\u00a0\u00a0\u00a0\u00a0\u00a0\u00a0\u00a0\u00a0<b>\u00a0<\/b><b>ZOOM<\/b><b>\u00a0CE EDUCACI\u00d3N CONTINUA\u00a0<\/b><b>2024<\/b><\/span><\/td>\n<\/tr>\n<tr>\n<td height=\"20\"><\/td>\n<td><\/td>\n<td><\/td>\n<td><\/td>\n<td><\/td>\n<\/tr>\n<tr>\n<td height=\"20\"><b>24 Cr\u00e9ditos\u00a0<\/b><\/td>\n<td><b>MES<\/b><\/td>\n<td><b>D\u00cdA<\/b><\/td>\n<td><b>HORA<\/b><\/td>\n<td><b>COSTO $<\/b><\/td>\n<\/tr>\n<tr>\n<td height=\"20\"><b>INICIO<\/b><\/td>\n<td>08 Nov<\/td>\n<td>VIERNES<\/td>\n<td>2:00 PM ~ 6:30 PM<\/td>\n<td>700<\/td>\n<\/tr>\n<tr>\n<td height=\"20\"><\/td>\n<td>15 Nov<\/td>\n<td>VIERNES<\/td>\n<td>2:00 PM ~ 6:30 PM<\/td>\n<td rowspan=\"3\" width=\"151\">El primer pago de $350, debe ser hecho antes del 8 de Nov. El segundo pago de $350, debe ser hecho antes del 06 de Dic.<\/td>\n<\/tr>\n<tr>\n<td height=\"20\"><\/td>\n<td>22 Nov<\/td>\n<td>VIERNES<\/td>\n<td>2:00 PM ~ 6:30 PM<\/td>\n<\/tr>\n<tr>\n<td height=\"20\"><b>\u00a0FINAL<\/b><\/td>\n<td>06 Dec<\/td>\n<td>\u00a0VIERNES<\/td>\n<td>2:00 PM ~ 6:30 PM<\/td>\n<\/tr>\n<\/tbody>\n<\/table>\t\t\t\t<\/div>\n\t\t\t\t<\/div>\n\t\t\t\t<div class=\"elementor-element elementor-element-1d6a175 elementor-widget elementor-widget-spacer\" data-id=\"1d6a175\" data-element_type=\"widget\" data-e-type=\"widget\" data-widget_type=\"spacer.default\">\n\t\t\t\t<div class=\"elementor-widget-container\">\n\t\t\t\t\t\t\t<div class=\"elementor-spacer\">\n\t\t\t<div class=\"elementor-spacer-inner\"><\/div>\n\t\t<\/div>\n\t\t\t\t\t\t<\/div>\n\t\t\t\t<\/div>\n\t\t\t\t<div class=\"elementor-element elementor-element-13717b6 elementor-widget elementor-widget-heading\" data-id=\"13717b6\" data-element_type=\"widget\" data-e-type=\"widget\" data-widget_type=\"heading.default\">\n\t\t\t\t<div class=\"elementor-widget-container\">\n\t\t\t\t\t<h2 class=\"elementor-heading-title elementor-size-default\">CLASES PRESENCIALES Y POR ZOOM<\/h2>\t\t\t\t<\/div>\n\t\t\t\t<\/div>\n\t\t\t\t<div class=\"elementor-element elementor-element-c57ec17 elementor-widget elementor-widget-html\" data-id=\"c57ec17\" data-element_type=\"widget\" data-e-type=\"widget\" data-widget_type=\"html.default\">\n\t\t\t\t<div class=\"elementor-widget-container\">\n\t\t\t\t\t<style>\n.tabla-corporativa-container {\n  overflow-x: auto;\n  width: 100%;\n  font-family: Arial, sans-serif;\n}\n\n.tabla-corporativa {\n  border-collapse: collapse;\n  width: 100%;\n  min-width: 800px;\n  text-align: center;\n  font-size: 14px;\n}\n\n.tabla-corporativa th,\n.tabla-corporativa td {\n  border: 1px solid #ccc;\n  padding: 8px;\n}\n\n.tabla-corporativa th {\n  background-color: #03a9f4;\n  color: #000;\n  font-weight: bold;\n}\n\n.titulo-corporativo {\n  background-color: #0288d1;\n  color: white;\n  font-weight: bold;\n  font-size: 16px;\n  text-align: center;\n  padding: 10px;\n  margin-bottom: 5px;\n}\n\n@media screen and (max-width: 768px) {\n  .tabla-corporativa {\n    font-size: 13px;\n  }\n}\n<\/style>\n\n<div class=\"tabla-corporativa-container\">\n  <div class=\"titulo-corporativo\">CURSOS TAXES CORPORATIVOS \u2013 FORMAS 1065, 1120 Y 1120 S \/ CLASES PRESENCIALES Y POR ZOOM<\/div>\n\n  <table class=\"tabla-corporativa\">\n    <tr>\n      <th>Nro.<\/th>\n      <th>D\u00cdA \/ MES<\/th>\n      <th>D\u00cdA<\/th>\n      <th>HORAS<\/th>\n      <th>COSTO $<\/th>\n    <\/tr>\n    <tr>\n      <td rowspan=\"2\">1er. CURSO<\/td>\n      <td>8 NOVIEMBRE<\/td>\n      <td>S\u00c1BADO<\/td>\n      <td>9:00 AM ~ 2:40 PM<\/td>\n      <td rowspan=\"2\">\n        $980. Inscripci\u00f3n $490 antes del 08 Nov<br>\n        El resto $490 puede ser pagado antes del 15 Nov\n      <\/td>\n    <\/tr>\n    <tr>\n      <td>15 NOVIEMBRE<\/td>\n      <td>S\u00c1BADO<\/td>\n      <td>9:00 AM ~ 2:40 PM<\/td>\n    <\/tr>\n  <\/table>\n<\/div>\t\t\t\t<\/div>\n\t\t\t\t<\/div>\n\t\t\t\t<div class=\"elementor-element elementor-element-c5d9074 elementor-hidden-desktop elementor-hidden-tablet elementor-hidden-mobile elementor-widget elementor-widget-html\" data-id=\"c5d9074\" data-element_type=\"widget\" data-e-type=\"widget\" data-widget_type=\"html.default\">\n\t\t\t\t<div class=\"elementor-widget-container\">\n\t\t\t\t\t<div>\n<div>\n<div>\n<div>\n<table border=\"0\" width=\"785\" cellspacing=\"0\" cellpadding=\"0\">\n<tbody>\n<tr>\n<td colspan=\"5\" height=\"20\"><b><span style=\"color: #0000ff;\">1) CURSO TAXES PERSONALES \/ FORMA 1040\u00a0\u00a0\u00a0\u00a0\u00a0\u00a0\u00a0\u00a0\u00a0\u00a0\u00a0\u00a0\u00a0\u00a0\u00a0\u00a0\u00a0\u00a0\u00a0\u00a0\u00a0\u00a0\u00a0\u00a0\u00a0\u00a0<wbr \/>\u00a0\u00a0\u00a0\u00a0\u00a0\u00a0\u00a0\u00a0CLASES PRESENCIALES\u00a0CE CONTINUING EDUCATION\u00a02024\u00a0(Cupos Limitados)<\/span><\/b><\/td>\n<\/tr>\n<tr>\n<td height=\"20\"><\/td>\n<td><\/td>\n<td><\/td>\n<td><\/td>\n<td><\/td>\n<\/tr>\n<tr>\n<td height=\"20\"><b>24 Cr\u00e9ditos<\/b><\/td>\n<td><b>MES\u00a0<\/b><\/td>\n<td><b>D\u00cdA<\/b><\/td>\n<td><b>HORA\u00a0<\/b><\/td>\n<td><b>COSTO $<\/b><\/td>\n<\/tr>\n<tr>\n<td height=\"20\">INICIA<\/td>\n<td>07 Sep<\/td>\n<td>S\u00c1BADOS<\/td>\n<td>9:00 AM ~ 2:40 PM<\/td>\n<td>700<\/td>\n<\/tr>\n<tr>\n<td height=\"20\"><\/td>\n<td>14 Sep<\/td>\n<td>S\u00c1BADOS<\/td>\n<td>9:00 AM ~ 2:40 PM<\/td>\n<td rowspan=\"3\" width=\"151\">Inscripci\u00f3n $350 antes del 07 Sept. El resto $350, debe ser pagado antes del 28 Sept.<\/td>\n<\/tr>\n<tr>\n<td height=\"20\"><\/td>\n<td>21 Sep<\/td>\n<td>S\u00c1BADOS<\/td>\n<td>9:00 AM ~ 2:40 PM<\/td>\n<\/tr>\n<tr>\n<td height=\"20\"><b>FINALIZA<\/b><\/td>\n<td>28 Sep<\/td>\n<td>S\u00c1BADOS<\/td>\n<td>9:00 AM ~ 2:40 PM<\/td>\n<\/tr>\n<tr>\n<td height=\"20\"><\/td>\n<td><\/td>\n<td><\/td>\n<td><\/td>\n<td><\/td>\n<\/tr>\n<tr>\n<td height=\"20\"><\/td>\n<td><\/td>\n<td><\/td>\n<td><\/td>\n<td><\/td>\n<\/tr>\n<tr>\n<td colspan=\"5\" height=\"20\"><b><span style=\"color: #0000ff;\">2) CURSO TAXES PERSONALES \/ FORMA 1040\u00a0\u00a0\u00a0\u00a0\u00a0\u00a0\u00a0\u00a0\u00a0\u00a0\u00a0\u00a0\u00a0\u00a0\u00a0\u00a0\u00a0\u00a0\u00a0\u00a0\u00a0\u00a0\u00a0\u00a0\u00a0\u00a0<wbr \/>\u00a0\u00a0\u00a0\u00a0\u00a0\u00a0\u00a0\u00a0CLASES PRESENCIALES\u00a0CE CONTINUING EDUCATION\u00a02024\u00a0(Cupos Limitados)<\/span><\/b><\/td>\n<\/tr>\n<tr>\n<td height=\"20\"><\/td>\n<td><\/td>\n<td><\/td>\n<td><\/td>\n<td><\/td>\n<\/tr>\n<tr>\n<td height=\"20\"><b>24 Cr\u00e9ditos<\/b><\/td>\n<td><b>MES\u00a0<\/b><\/td>\n<td><b>D\u00cdA<\/b><\/td>\n<td><b>HORA\u00a0<\/b><\/td>\n<td><b>COSTO $<\/b><\/td>\n<\/tr>\n<tr>\n<td height=\"20\"><b>INICIA<\/b><\/td>\n<td>05 Oct<\/td>\n<td>S\u00c1BADOS<\/td>\n<td>9:00 AM ~ 2:40 PM<\/td>\n<td>700<\/td>\n<\/tr>\n<tr>\n<td height=\"20\"><\/td>\n<td>12 Oct<\/td>\n<td>S\u00c1BADOS<\/td>\n<td>9:00 AM ~ 2:40 PM<\/td>\n<td rowspan=\"3\" width=\"151\">Inscripci\u00f3n $350 antes del 05 Oct. El resto $350, debe ser pagado antes del 26 Oct.<\/td>\n<\/tr>\n<tr>\n<td height=\"20\"><\/td>\n<td>19 Oct<\/td>\n<td>S\u00c1BADOS<\/td>\n<td>9:00 AM ~ 2:40 PM<\/td>\n<\/tr>\n<tr>\n<td height=\"20\"><b>FINALIZA<\/b><\/td>\n<td>26 Oct<\/td>\n<td>S\u00c1BADOS<\/td>\n<td>9:00 AM ~ 2:40 PM<\/td>\n<\/tr>\n<tr>\n<td height=\"20\"><\/td>\n<td><\/td>\n<td><\/td>\n<td><\/td>\n<td><\/td>\n<\/tr>\n<\/tbody>\n<\/table>\n<\/div>\n<\/div>\n<\/div>\n<\/div>\n<div><\/div>\n<div>\n<div>\n<div>\n<div>\n<div>\n<table border=\"0\" width=\"785\" cellspacing=\"0\" cellpadding=\"0\">\n<tbody>\n<tr>\n<td colspan=\"5\" height=\"20\"><b><span style=\"color: #0000ff;\">3) CURSO TAXES PERSONALES \/ FORMA 1040\u00a0\u00a0\u00a0\u00a0\u00a0\u00a0\u00a0\u00a0\u00a0\u00a0\u00a0\u00a0\u00a0\u00a0\u00a0\u00a0\u00a0\u00a0\u00a0\u00a0\u00a0\u00a0\u00a0\u00a0\u00a0\u00a0<wbr \/>\u00a0\u00a0\u00a0\u00a0\u00a0\u00a0\u00a0\u00a0CLASES PRESENCIALES\u00a0CE CONTINUING EDUCATION\u00a02024\u00a0(Cupos Limitados)<\/span><\/b><\/td>\n<\/tr>\n<tr>\n<td height=\"20\"><\/td>\n<td><\/td>\n<td><\/td>\n<td><\/td>\n<td><\/td>\n<\/tr>\n<tr>\n<td height=\"20\"><b>24 Cr\u00e9ditos<\/b><\/td>\n<td><b>MES\u00a0<\/b><\/td>\n<td><b>D\u00cdA<\/b><\/td>\n<td><b>HORA\u00a0<\/b><\/td>\n<td><b>COSTO $<\/b><\/td>\n<\/tr>\n<tr>\n<td height=\"20\"><b>INICIA<\/b><\/td>\n<td>09 Nov<\/td>\n<td>S\u00c1BADOS<\/td>\n<td>9:00 AM ~ 2:40 PM<\/td>\n<td>700<\/td>\n<\/tr>\n<tr>\n<td height=\"20\"><\/td>\n<td>16 Nov<\/td>\n<td>S\u00c1BADOS<\/td>\n<td>9:00 AM ~ 2:40 PM<\/td>\n<td rowspan=\"3\" width=\"151\">Inscripci\u00f3n $350 antes del 09 Nov. El resto $350, debe ser pagado antes del 07 Dic<\/td>\n<\/tr>\n<tr>\n<td height=\"20\"><\/td>\n<td>23 Nov<\/td>\n<td>S\u00c1BADOS<\/td>\n<td>9:00 AM ~ 2:40 PM<\/td>\n<\/tr>\n<tr>\n<td height=\"20\"><b>FINALIZA<\/b><\/td>\n<td>07 Dic<\/td>\n<td>S\u00c1BADOS<\/td>\n<td>9:00 AM ~ 2:40 PM<\/td>\n<\/tr>\n<tr>\n<td height=\"20\"><\/td>\n<td><\/td>\n<td><\/td>\n<td><\/td>\n<\/tr>\n<\/tbody>\n<\/table>\n<\/div>\n<\/div>\n<\/div>\n<\/div>\n<\/div>\t\t\t\t<\/div>\n\t\t\t\t<\/div>\n\t\t\t\t\t<\/div>\n\t\t<\/div>\n\t\t\t\t\t<\/div>\n\t\t<\/section>\n\t\t\t\t<\/div>\n\t\t","protected":false},"excerpt":{"rendered":"<p>CURSOS PROGRAMACI\u00d3N CURSOS 2025: Hacer un\u00a0CURSO DE IMPUESTOS\u00a0para conocer las\u00a0Leyes Federales en los ESTADOS UNIDOS\u00a0puede abrirte muchas puertas y ofrecerte habilidades valiosas en el \u00e1mbito financiero y laboral. Aqu\u00ed te cuento algunas razones por las que considerar aprender sobre impuestos puede ser una excelente decisi\u00f3n: Conocimiento personal. Oportunidades profesionales. Ayuda a otros. Actualizaci\u00f3n constante. Independencia [&hellip;]<\/p>\n","protected":false},"author":1,"featured_media":0,"parent":0,"menu_order":0,"comment_status":"closed","ping_status":"closed","template":"","meta":{"nf_dc_page":"","footnotes":""},"class_list":["post-541","page","type-page","status-publish","hentry"],"jetpack_sharing_enabled":true,"_links":{"self":[{"href":"https:\/\/bandjconsulting.com\/es\/wp-json\/wp\/v2\/pages\/541","targetHints":{"allow":["GET"]}}],"collection":[{"href":"https:\/\/bandjconsulting.com\/es\/wp-json\/wp\/v2\/pages"}],"about":[{"href":"https:\/\/bandjconsulting.com\/es\/wp-json\/wp\/v2\/types\/page"}],"author":[{"embeddable":true,"href":"https:\/\/bandjconsulting.com\/es\/wp-json\/wp\/v2\/users\/1"}],"replies":[{"embeddable":true,"href":"https:\/\/bandjconsulting.com\/es\/wp-json\/wp\/v2\/comments?post=541"}],"version-history":[{"count":5,"href":"https:\/\/bandjconsulting.com\/es\/wp-json\/wp\/v2\/pages\/541\/revisions"}],"predecessor-version":[{"id":729,"href":"https:\/\/bandjconsulting.com\/es\/wp-json\/wp\/v2\/pages\/541\/revisions\/729"}],"wp:attachment":[{"href":"https:\/\/bandjconsulting.com\/es\/wp-json\/wp\/v2\/media?parent=541"}],"curies":[{"name":"wp","href":"https:\/\/api.w.org\/{rel}","templated":true}]}}